{"id":7544,"date":"2022-09-02T14:43:08","date_gmt":"2022-09-02T14:43:08","guid":{"rendered":"https:\/\/www.aromeprod2.com\/?post_type=product&#038;p=7544"},"modified":"2023-11-28T09:39:03","modified_gmt":"2023-11-28T09:39:03","slug":"berlingots-de-carpentras-3","status":"publish","type":"product","link":"https:\/\/www.lesdelicesdeprovence.ch\/it\/produits\/berlingots-de-carpentras-3\/","title":{"rendered":"Berlingots de Carpentras"},"content":{"rendered":"<p>Il Berlingot de Carpentras appartiene alla famiglia delle caramelle di zucchero cotte. Questo piccolo tetraedro \u00e8 uno dei dolci pi\u00f9 antichi di Francia e la citt\u00e0 di Carpentras ne ha fatto la sua specialit\u00e0 per oltre due secoli. \u00c8 disponibile in una gamma di gusti per i quali utilizziamo aromi e coloranti naturali. Gli oli essenziali e gli estratti di frutta ne fanno una caramella dal gusto unico e intenso. Questo barattolo da 250 g contiene un assortimento di berlingot al gusto di :<\/p>\n<p>Caff\u00e8, limone, arancia, anice, melone, ciliegia, fragola e lavanda.<\/p>\n<p><strong>Ingredienti : Zucchero, sciroppo di glucosio, aromi naturali, coloranti naturali: arancio, verde, barbabietola, caramello.<\/strong><\/p>\n<p><strong>Contenuto: 250 g<\/strong><\/p>\n<p>&nbsp;<\/p>\n","protected":false},"excerpt":{"rendered":"<p>Berlingots de Carpentras della Confiserie du Mont Ventoux, la pi\u00f9 antica fabbrica artigianale ancora in attivit\u00e0, che desidera perpetuare questa tradizione ancestrale presente a Carpentras dall&#8217;inizio del 1800.<\/p>\n","protected":false},"featured_media":10896,"template":"","meta":[],"product_cat":[223],"product_tag":[],"class_list":{"0":"post-7544","1":"product","2":"type-product","3":"status-publish","4":"has-post-thumbnail","6":"product_cat-dolci-provenzali","8":"first","9":"instock","10":"taxable","11":"shipping-taxable","12":"purchasable","13":"product-type-simple"},"yoast_head":"<!-- This site is optimized with the Yoast SEO plugin v27.2 - https:\/\/yoast.com\/product\/yoast-seo-wordpress\/ -->\n<title>Berlingots de Carpentras<\/title>\n<meta name=\"description\" content=\"Berlingots de Carpentras della Confiserie du Mont Ventoux, la pi\u00f9 antica fabbrica artigianale ancora in attivit\u00e0.\" \/>\n<meta name=\"robots\" content=\"index, follow, max-snippet:-1, max-image-preview:large, max-video-preview:-1\" \/>\n<link rel=\"canonical\" href=\"https:\/\/www.lesdelicesdeprovence.ch\/it\/produits\/berlingots-de-carpentras-3\/\" \/>\n<meta property=\"og:locale\" content=\"it_IT\" \/>\n<meta property=\"og:type\" content=\"article\" \/>\n<meta property=\"og:title\" content=\"Berlingots de Carpentras\" \/>\n<meta property=\"og:description\" content=\"Berlingots de Carpentras della Confiserie du Mont Ventoux, la pi\u00f9 antica fabbrica artigianale ancora in attivit\u00e0.\" \/>\n<meta property=\"og:url\" content=\"https:\/\/www.lesdelicesdeprovence.ch\/it\/produits\/berlingots-de-carpentras-3\/\" \/>\n<meta property=\"og:site_name\" content=\"Les D\u00e9lices de Provence\" \/>\n<meta property=\"article:modified_time\" content=\"2023-11-28T09:39:03+00:00\" \/>\n<meta property=\"og:image\" content=\"https:\/\/www.lesdelicesdeprovence.ch\/wp-content\/uploads\/2022\/09\/IMG_5754-scaled.jpg\" \/>\n\t<meta property=\"og:image:width\" content=\"2560\" \/>\n\t<meta property=\"og:image:height\" content=\"2517\" \/>\n\t<meta property=\"og:image:type\" content=\"image\/jpeg\" \/>\n<meta name=\"twitter:card\" content=\"summary_large_image\" \/>\n<meta name=\"twitter:label1\" content=\"Tempo di lettura stimato\" \/>\n\t<meta name=\"twitter:data1\" content=\"1 minuto\" \/>\n<script type=\"application\/ld+json\" class=\"yoast-schema-graph\">{\"@context\":\"https:\/\/schema.org\",\"@graph\":[{\"@type\":\"WebPage\",\"@id\":\"https:\/\/www.lesdelicesdeprovence.ch\/it\/produits\/berlingots-de-carpentras-3\/\",\"url\":\"https:\/\/www.lesdelicesdeprovence.ch\/it\/produits\/berlingots-de-carpentras-3\/\",\"name\":\"Berlingots de Carpentras\",\"isPartOf\":{\"@id\":\"https:\/\/www.lesdelicesdeprovence.ch\/it\/#website\"},\"primaryImageOfPage\":{\"@id\":\"https:\/\/www.lesdelicesdeprovence.ch\/it\/produits\/berlingots-de-carpentras-3\/#primaryimage\"},\"image\":{\"@id\":\"https:\/\/www.lesdelicesdeprovence.ch\/it\/produits\/berlingots-de-carpentras-3\/#primaryimage\"},\"thumbnailUrl\":\"https:\/\/www.lesdelicesdeprovence.ch\/wp-content\/uploads\/2022\/09\/IMG_5754-scaled.jpg\",\"datePublished\":\"2022-09-02T14:43:08+00:00\",\"dateModified\":\"2023-11-28T09:39:03+00:00\",\"description\":\"Berlingots de Carpentras della Confiserie du Mont Ventoux, la pi\u00f9 antica fabbrica artigianale ancora in attivit\u00e0.\",\"breadcrumb\":{\"@id\":\"https:\/\/www.lesdelicesdeprovence.ch\/it\/produits\/berlingots-de-carpentras-3\/#breadcrumb\"},\"inLanguage\":\"it-IT\",\"potentialAction\":[{\"@type\":\"ReadAction\",\"target\":[\"https:\/\/www.lesdelicesdeprovence.ch\/it\/produits\/berlingots-de-carpentras-3\/\"]}]},{\"@type\":\"ImageObject\",\"inLanguage\":\"it-IT\",\"@id\":\"https:\/\/www.lesdelicesdeprovence.ch\/it\/produits\/berlingots-de-carpentras-3\/#primaryimage\",\"url\":\"https:\/\/www.lesdelicesdeprovence.ch\/wp-content\/uploads\/2022\/09\/IMG_5754-scaled.jpg\",\"contentUrl\":\"https:\/\/www.lesdelicesdeprovence.ch\/wp-content\/uploads\/2022\/09\/IMG_5754-scaled.jpg\",\"width\":2560,\"height\":2517},{\"@type\":\"BreadcrumbList\",\"@id\":\"https:\/\/www.lesdelicesdeprovence.ch\/it\/produits\/berlingots-de-carpentras-3\/#breadcrumb\",\"itemListElement\":[{\"@type\":\"ListItem\",\"position\":1,\"name\":\"Accoglienza\",\"item\":\"http:\/\/www.lesdelicesdeprovence.ch\/it\/\"},{\"@type\":\"ListItem\",\"position\":2,\"name\":\"Negozio\",\"item\":\"http:\/\/www.lesdelicesdeprovence.ch\/it\/negozio\/\"},{\"@type\":\"ListItem\",\"position\":3,\"name\":\"Berlingots de Carpentras\"}]},{\"@type\":\"WebSite\",\"@id\":\"https:\/\/www.lesdelicesdeprovence.ch\/it\/#website\",\"url\":\"https:\/\/www.lesdelicesdeprovence.ch\/it\/\",\"name\":\"Les D\u00e9lices de Provence\",\"description\":\"Epicerie fine en ligne\",\"potentialAction\":[{\"@type\":\"SearchAction\",\"target\":{\"@type\":\"EntryPoint\",\"urlTemplate\":\"https:\/\/www.lesdelicesdeprovence.ch\/it\/?s={search_term_string}\"},\"query-input\":{\"@type\":\"PropertyValueSpecification\",\"valueRequired\":true,\"valueName\":\"search_term_string\"}}],\"inLanguage\":\"it-IT\"}]}<\/script>\n<!-- \/ Yoast SEO plugin. -->","yoast_head_json":{"title":"Berlingots de Carpentras","description":"Berlingots de Carpentras della Confiserie du Mont Ventoux, la pi\u00f9 antica fabbrica artigianale ancora in attivit\u00e0.","robots":{"index":"index","follow":"follow","max-snippet":"max-snippet:-1","max-image-preview":"max-image-preview:large","max-video-preview":"max-video-preview:-1"},"canonical":"https:\/\/www.lesdelicesdeprovence.ch\/it\/produits\/berlingots-de-carpentras-3\/","og_locale":"it_IT","og_type":"article","og_title":"Berlingots de Carpentras","og_description":"Berlingots de Carpentras della Confiserie du Mont Ventoux, la pi\u00f9 antica fabbrica artigianale ancora in attivit\u00e0.","og_url":"https:\/\/www.lesdelicesdeprovence.ch\/it\/produits\/berlingots-de-carpentras-3\/","og_site_name":"Les D\u00e9lices de Provence","article_modified_time":"2023-11-28T09:39:03+00:00","og_image":[{"width":2560,"height":2517,"url":"https:\/\/www.lesdelicesdeprovence.ch\/wp-content\/uploads\/2022\/09\/IMG_5754-scaled.jpg","type":"image\/jpeg"}],"twitter_card":"summary_large_image","twitter_misc":{"Tempo di lettura stimato":"1 minuto"},"schema":{"@context":"https:\/\/schema.org","@graph":[{"@type":"WebPage","@id":"https:\/\/www.lesdelicesdeprovence.ch\/it\/produits\/berlingots-de-carpentras-3\/","url":"https:\/\/www.lesdelicesdeprovence.ch\/it\/produits\/berlingots-de-carpentras-3\/","name":"Berlingots de Carpentras","isPartOf":{"@id":"https:\/\/www.lesdelicesdeprovence.ch\/it\/#website"},"primaryImageOfPage":{"@id":"https:\/\/www.lesdelicesdeprovence.ch\/it\/produits\/berlingots-de-carpentras-3\/#primaryimage"},"image":{"@id":"https:\/\/www.lesdelicesdeprovence.ch\/it\/produits\/berlingots-de-carpentras-3\/#primaryimage"},"thumbnailUrl":"https:\/\/www.lesdelicesdeprovence.ch\/wp-content\/uploads\/2022\/09\/IMG_5754-scaled.jpg","datePublished":"2022-09-02T14:43:08+00:00","dateModified":"2023-11-28T09:39:03+00:00","description":"Berlingots de Carpentras della Confiserie du Mont Ventoux, la pi\u00f9 antica fabbrica artigianale ancora in attivit\u00e0.","breadcrumb":{"@id":"https:\/\/www.lesdelicesdeprovence.ch\/it\/produits\/berlingots-de-carpentras-3\/#breadcrumb"},"inLanguage":"it-IT","potentialAction":[{"@type":"ReadAction","target":["https:\/\/www.lesdelicesdeprovence.ch\/it\/produits\/berlingots-de-carpentras-3\/"]}]},{"@type":"ImageObject","inLanguage":"it-IT","@id":"https:\/\/www.lesdelicesdeprovence.ch\/it\/produits\/berlingots-de-carpentras-3\/#primaryimage","url":"https:\/\/www.lesdelicesdeprovence.ch\/wp-content\/uploads\/2022\/09\/IMG_5754-scaled.jpg","contentUrl":"https:\/\/www.lesdelicesdeprovence.ch\/wp-content\/uploads\/2022\/09\/IMG_5754-scaled.jpg","width":2560,"height":2517},{"@type":"BreadcrumbList","@id":"https:\/\/www.lesdelicesdeprovence.ch\/it\/produits\/berlingots-de-carpentras-3\/#breadcrumb","itemListElement":[{"@type":"ListItem","position":1,"name":"Accoglienza","item":"http:\/\/www.lesdelicesdeprovence.ch\/it\/"},{"@type":"ListItem","position":2,"name":"Negozio","item":"http:\/\/www.lesdelicesdeprovence.ch\/it\/negozio\/"},{"@type":"ListItem","position":3,"name":"Berlingots de Carpentras"}]},{"@type":"WebSite","@id":"https:\/\/www.lesdelicesdeprovence.ch\/it\/#website","url":"https:\/\/www.lesdelicesdeprovence.ch\/it\/","name":"Les D\u00e9lices de Provence","description":"Epicerie fine en ligne","potentialAction":[{"@type":"SearchAction","target":{"@type":"EntryPoint","urlTemplate":"https:\/\/www.lesdelicesdeprovence.ch\/it\/?s={search_term_string}"},"query-input":{"@type":"PropertyValueSpecification","valueRequired":true,"valueName":"search_term_string"}}],"inLanguage":"it-IT"}]}},"_links":{"self":[{"href":"https:\/\/www.lesdelicesdeprovence.ch\/it\/wp-json\/wp\/v2\/product\/7544","targetHints":{"allow":["GET"]}}],"collection":[{"href":"https:\/\/www.lesdelicesdeprovence.ch\/it\/wp-json\/wp\/v2\/product"}],"about":[{"href":"https:\/\/www.lesdelicesdeprovence.ch\/it\/wp-json\/wp\/v2\/types\/product"}],"version-history":[{"count":2,"href":"https:\/\/www.lesdelicesdeprovence.ch\/it\/wp-json\/wp\/v2\/product\/7544\/revisions"}],"predecessor-version":[{"id":8106,"href":"https:\/\/www.lesdelicesdeprovence.ch\/it\/wp-json\/wp\/v2\/product\/7544\/revisions\/8106"}],"wp:featuredmedia":[{"embeddable":true,"href":"https:\/\/www.lesdelicesdeprovence.ch\/it\/wp-json\/wp\/v2\/media\/10896"}],"wp:attachment":[{"href":"https:\/\/www.lesdelicesdeprovence.ch\/it\/wp-json\/wp\/v2\/media?parent=7544"}],"wp:term":[{"taxonomy":"product_cat","embeddable":true,"href":"https:\/\/www.lesdelicesdeprovence.ch\/it\/wp-json\/wp\/v2\/product_cat?post=7544"},{"taxonomy":"product_tag","embeddable":true,"href":"https:\/\/www.lesdelicesdeprovence.ch\/it\/wp-json\/wp\/v2\/product_tag?post=7544"}],"curies":[{"name":"wp","href":"https:\/\/api.w.org\/{rel}","templated":true}]}}