{"id":7590,"date":"2022-09-05T12:51:27","date_gmt":"2022-09-05T12:51:27","guid":{"rendered":"https:\/\/www.aromeprod2.com\/?post_type=product&#038;p=7590"},"modified":"2023-07-02T18:09:47","modified_gmt":"2023-07-02T18:09:47","slug":"succo-biologico-di-mirtillo-ed-erica-selvatica","status":"publish","type":"product","link":"https:\/\/www.lesdelicesdeprovence.ch\/it\/produits\/succo-biologico-di-mirtillo-ed-erica-selvatica\/","title":{"rendered":"Succo biologico di mirtillo ed erica selvatica"},"content":{"rendered":"<p>Questo artigiano appassionato, incastonato ai piedi del Mont Ventoux, \u00e8 una scoperta davvero meravigliosa! La sua ricerca della perfezione culinaria \u00e8 pari solo al suo amore per la natura. E lo si pu\u00f2 sentire nei suoi magnifici succhi &#8220;Plus que Bio&#8221; di La Table des Lutins.<\/p>\n<p>Perch\u00e9 pi\u00f9 del biologico? Perch\u00e9 \u00e8 lui stesso a raccogliere le erbe selvatiche necessarie per la produzione di questi succhi in aree situate ad almeno 5 km di distanza da qualsiasi terreno agricolo che potrebbe utilizzare pesticidi! Il suo lavoro si basa su alcuni principi fondamentali:<\/p>\n<p>&#8211; l&#8217;utilizzo del calendario lunare, sia per la raccolta delle piante selvatiche che per l&#8217;elaborazione e l&#8217;imbottigliamento dei succhi di frutta<\/p>\n<p>&#8211; la ricerca di frutta vicina, coltivata in modo biodinamico o, in mancanza, non trattata, che lui stesso raccoglie.<\/p>\n<p>Il suo intento non \u00e8 quello di rispondere in modo opportunistico alla mania dei prodotti naturali, il suo approccio \u00e8 etico, l&#8217;obiettivo \u00e8 un prodotto finito eccezionale e le associazioni frutta-pianta sono il risultato di una vera riflessione.<\/p>\n<p><strong>Ingredienti : Mirtillo, acqua di sorgente filtrata e dinamizzata, zucchero di canna biologico, erica selvatica.<\/strong><\/p>\n<p><strong>Capacit\u00e0: 33cl<\/strong><\/p>\n<p>&nbsp;<\/p>\n","protected":false},"excerpt":{"rendered":"<p>Puro succo biologico ottenuto da mirtilli selvatici raccolti a mano e acqua di sorgente filtrata e dinamizzata da un artigiano appassionato e impegnato.<\/p>\n<p>\u00c8 difficile immaginare qualcosa di pi\u00f9 artigianale, naturale e sano!<\/p>\n","protected":false},"featured_media":10366,"template":"","meta":[],"product_cat":[234],"product_tag":[],"class_list":{"0":"post-7590","1":"product","2":"type-product","3":"status-publish","4":"has-post-thumbnail","6":"product_cat-succo-di-frutta-biologico","8":"first","9":"instock","10":"taxable","11":"shipping-taxable","12":"purchasable","13":"product-type-simple"},"yoast_head":"<!-- This site is optimized with the Yoast SEO plugin v27.2 - https:\/\/yoast.com\/product\/yoast-seo-wordpress\/ -->\n<title>Succo biologico di mirtillo ed erica selvatica<\/title>\n<meta name=\"description\" content=\"Puro succo biologico ottenuto da mirtilli selvatici raccolti a mano e acqua di sorgente filtrata e dinamizzata da un artigiano appassionato e impegnato.\" \/>\n<meta name=\"robots\" content=\"index, follow, max-snippet:-1, max-image-preview:large, max-video-preview:-1\" \/>\n<link rel=\"canonical\" href=\"https:\/\/www.lesdelicesdeprovence.ch\/it\/produits\/succo-biologico-di-mirtillo-ed-erica-selvatica\/\" \/>\n<meta property=\"og:locale\" content=\"it_IT\" \/>\n<meta property=\"og:type\" content=\"article\" \/>\n<meta property=\"og:title\" content=\"Succo biologico di mirtillo ed erica selvatica\" \/>\n<meta property=\"og:description\" content=\"Puro succo biologico ottenuto da mirtilli selvatici raccolti a mano e acqua di sorgente filtrata e dinamizzata da un artigiano appassionato e impegnato.\" \/>\n<meta property=\"og:url\" content=\"https:\/\/www.lesdelicesdeprovence.ch\/it\/produits\/succo-biologico-di-mirtillo-ed-erica-selvatica\/\" \/>\n<meta property=\"og:site_name\" content=\"Les D\u00e9lices de Provence\" \/>\n<meta property=\"article:modified_time\" content=\"2023-07-02T18:09:47+00:00\" \/>\n<meta property=\"og:image\" content=\"https:\/\/www.lesdelicesdeprovence.ch\/wp-content\/uploads\/2022\/09\/IMG_0862-scaled.jpg\" \/>\n\t<meta property=\"og:image:width\" content=\"2351\" \/>\n\t<meta property=\"og:image:height\" content=\"2560\" \/>\n\t<meta property=\"og:image:type\" content=\"image\/jpeg\" \/>\n<meta name=\"twitter:card\" content=\"summary_large_image\" \/>\n<meta name=\"twitter:label1\" content=\"Tempo di lettura stimato\" \/>\n\t<meta name=\"twitter:data1\" content=\"1 minuto\" \/>\n<script type=\"application\/ld+json\" class=\"yoast-schema-graph\">{\"@context\":\"https:\/\/schema.org\",\"@graph\":[{\"@type\":\"WebPage\",\"@id\":\"https:\/\/www.lesdelicesdeprovence.ch\/it\/produits\/succo-biologico-di-mirtillo-ed-erica-selvatica\/\",\"url\":\"https:\/\/www.lesdelicesdeprovence.ch\/it\/produits\/succo-biologico-di-mirtillo-ed-erica-selvatica\/\",\"name\":\"Succo biologico di mirtillo ed erica selvatica\",\"isPartOf\":{\"@id\":\"https:\/\/www.lesdelicesdeprovence.ch\/it\/#website\"},\"primaryImageOfPage\":{\"@id\":\"https:\/\/www.lesdelicesdeprovence.ch\/it\/produits\/succo-biologico-di-mirtillo-ed-erica-selvatica\/#primaryimage\"},\"image\":{\"@id\":\"https:\/\/www.lesdelicesdeprovence.ch\/it\/produits\/succo-biologico-di-mirtillo-ed-erica-selvatica\/#primaryimage\"},\"thumbnailUrl\":\"https:\/\/www.lesdelicesdeprovence.ch\/wp-content\/uploads\/2022\/09\/IMG_0862-scaled.jpg\",\"datePublished\":\"2022-09-05T12:51:27+00:00\",\"dateModified\":\"2023-07-02T18:09:47+00:00\",\"description\":\"Puro succo biologico ottenuto da mirtilli selvatici raccolti a mano e acqua di sorgente filtrata e dinamizzata da un artigiano appassionato e impegnato.\",\"breadcrumb\":{\"@id\":\"https:\/\/www.lesdelicesdeprovence.ch\/it\/produits\/succo-biologico-di-mirtillo-ed-erica-selvatica\/#breadcrumb\"},\"inLanguage\":\"it-IT\",\"potentialAction\":[{\"@type\":\"ReadAction\",\"target\":[\"https:\/\/www.lesdelicesdeprovence.ch\/it\/produits\/succo-biologico-di-mirtillo-ed-erica-selvatica\/\"]}]},{\"@type\":\"ImageObject\",\"inLanguage\":\"it-IT\",\"@id\":\"https:\/\/www.lesdelicesdeprovence.ch\/it\/produits\/succo-biologico-di-mirtillo-ed-erica-selvatica\/#primaryimage\",\"url\":\"https:\/\/www.lesdelicesdeprovence.ch\/wp-content\/uploads\/2022\/09\/IMG_0862-scaled.jpg\",\"contentUrl\":\"https:\/\/www.lesdelicesdeprovence.ch\/wp-content\/uploads\/2022\/09\/IMG_0862-scaled.jpg\",\"width\":2351,\"height\":2560},{\"@type\":\"BreadcrumbList\",\"@id\":\"https:\/\/www.lesdelicesdeprovence.ch\/it\/produits\/succo-biologico-di-mirtillo-ed-erica-selvatica\/#breadcrumb\",\"itemListElement\":[{\"@type\":\"ListItem\",\"position\":1,\"name\":\"Accoglienza\",\"item\":\"https:\/\/www.lesdelicesdeprovence.ch\/it\/\"},{\"@type\":\"ListItem\",\"position\":2,\"name\":\"Negozio\",\"item\":\"https:\/\/www.lesdelicesdeprovence.ch\/it\/negozio\/\"},{\"@type\":\"ListItem\",\"position\":3,\"name\":\"Succo biologico di mirtillo ed erica selvatica\"}]},{\"@type\":\"WebSite\",\"@id\":\"https:\/\/www.lesdelicesdeprovence.ch\/it\/#website\",\"url\":\"https:\/\/www.lesdelicesdeprovence.ch\/it\/\",\"name\":\"Les D\u00e9lices de Provence\",\"description\":\"Epicerie fine en ligne\",\"potentialAction\":[{\"@type\":\"SearchAction\",\"target\":{\"@type\":\"EntryPoint\",\"urlTemplate\":\"https:\/\/www.lesdelicesdeprovence.ch\/it\/?s={search_term_string}\"},\"query-input\":{\"@type\":\"PropertyValueSpecification\",\"valueRequired\":true,\"valueName\":\"search_term_string\"}}],\"inLanguage\":\"it-IT\"}]}<\/script>\n<!-- \/ Yoast SEO plugin. -->","yoast_head_json":{"title":"Succo biologico di mirtillo ed erica selvatica","description":"Puro succo biologico ottenuto da mirtilli selvatici raccolti a mano e acqua di sorgente filtrata e dinamizzata da un artigiano appassionato e impegnato.","robots":{"index":"index","follow":"follow","max-snippet":"max-snippet:-1","max-image-preview":"max-image-preview:large","max-video-preview":"max-video-preview:-1"},"canonical":"https:\/\/www.lesdelicesdeprovence.ch\/it\/produits\/succo-biologico-di-mirtillo-ed-erica-selvatica\/","og_locale":"it_IT","og_type":"article","og_title":"Succo biologico di mirtillo ed erica selvatica","og_description":"Puro succo biologico ottenuto da mirtilli selvatici raccolti a mano e acqua di sorgente filtrata e dinamizzata da un artigiano appassionato e impegnato.","og_url":"https:\/\/www.lesdelicesdeprovence.ch\/it\/produits\/succo-biologico-di-mirtillo-ed-erica-selvatica\/","og_site_name":"Les D\u00e9lices de Provence","article_modified_time":"2023-07-02T18:09:47+00:00","og_image":[{"width":2351,"height":2560,"url":"https:\/\/www.lesdelicesdeprovence.ch\/wp-content\/uploads\/2022\/09\/IMG_0862-scaled.jpg","type":"image\/jpeg"}],"twitter_card":"summary_large_image","twitter_misc":{"Tempo di lettura stimato":"1 minuto"},"schema":{"@context":"https:\/\/schema.org","@graph":[{"@type":"WebPage","@id":"https:\/\/www.lesdelicesdeprovence.ch\/it\/produits\/succo-biologico-di-mirtillo-ed-erica-selvatica\/","url":"https:\/\/www.lesdelicesdeprovence.ch\/it\/produits\/succo-biologico-di-mirtillo-ed-erica-selvatica\/","name":"Succo biologico di mirtillo ed erica selvatica","isPartOf":{"@id":"https:\/\/www.lesdelicesdeprovence.ch\/it\/#website"},"primaryImageOfPage":{"@id":"https:\/\/www.lesdelicesdeprovence.ch\/it\/produits\/succo-biologico-di-mirtillo-ed-erica-selvatica\/#primaryimage"},"image":{"@id":"https:\/\/www.lesdelicesdeprovence.ch\/it\/produits\/succo-biologico-di-mirtillo-ed-erica-selvatica\/#primaryimage"},"thumbnailUrl":"https:\/\/www.lesdelicesdeprovence.ch\/wp-content\/uploads\/2022\/09\/IMG_0862-scaled.jpg","datePublished":"2022-09-05T12:51:27+00:00","dateModified":"2023-07-02T18:09:47+00:00","description":"Puro succo biologico ottenuto da mirtilli selvatici raccolti a mano e acqua di sorgente filtrata e dinamizzata da un artigiano appassionato e impegnato.","breadcrumb":{"@id":"https:\/\/www.lesdelicesdeprovence.ch\/it\/produits\/succo-biologico-di-mirtillo-ed-erica-selvatica\/#breadcrumb"},"inLanguage":"it-IT","potentialAction":[{"@type":"ReadAction","target":["https:\/\/www.lesdelicesdeprovence.ch\/it\/produits\/succo-biologico-di-mirtillo-ed-erica-selvatica\/"]}]},{"@type":"ImageObject","inLanguage":"it-IT","@id":"https:\/\/www.lesdelicesdeprovence.ch\/it\/produits\/succo-biologico-di-mirtillo-ed-erica-selvatica\/#primaryimage","url":"https:\/\/www.lesdelicesdeprovence.ch\/wp-content\/uploads\/2022\/09\/IMG_0862-scaled.jpg","contentUrl":"https:\/\/www.lesdelicesdeprovence.ch\/wp-content\/uploads\/2022\/09\/IMG_0862-scaled.jpg","width":2351,"height":2560},{"@type":"BreadcrumbList","@id":"https:\/\/www.lesdelicesdeprovence.ch\/it\/produits\/succo-biologico-di-mirtillo-ed-erica-selvatica\/#breadcrumb","itemListElement":[{"@type":"ListItem","position":1,"name":"Accoglienza","item":"https:\/\/www.lesdelicesdeprovence.ch\/it\/"},{"@type":"ListItem","position":2,"name":"Negozio","item":"https:\/\/www.lesdelicesdeprovence.ch\/it\/negozio\/"},{"@type":"ListItem","position":3,"name":"Succo biologico di mirtillo ed erica selvatica"}]},{"@type":"WebSite","@id":"https:\/\/www.lesdelicesdeprovence.ch\/it\/#website","url":"https:\/\/www.lesdelicesdeprovence.ch\/it\/","name":"Les D\u00e9lices de Provence","description":"Epicerie fine en ligne","potentialAction":[{"@type":"SearchAction","target":{"@type":"EntryPoint","urlTemplate":"https:\/\/www.lesdelicesdeprovence.ch\/it\/?s={search_term_string}"},"query-input":{"@type":"PropertyValueSpecification","valueRequired":true,"valueName":"search_term_string"}}],"inLanguage":"it-IT"}]}},"_links":{"self":[{"href":"https:\/\/www.lesdelicesdeprovence.ch\/it\/wp-json\/wp\/v2\/product\/7590","targetHints":{"allow":["GET"]}}],"collection":[{"href":"https:\/\/www.lesdelicesdeprovence.ch\/it\/wp-json\/wp\/v2\/product"}],"about":[{"href":"https:\/\/www.lesdelicesdeprovence.ch\/it\/wp-json\/wp\/v2\/types\/product"}],"version-history":[{"count":2,"href":"https:\/\/www.lesdelicesdeprovence.ch\/it\/wp-json\/wp\/v2\/product\/7590\/revisions"}],"predecessor-version":[{"id":8123,"href":"https:\/\/www.lesdelicesdeprovence.ch\/it\/wp-json\/wp\/v2\/product\/7590\/revisions\/8123"}],"wp:featuredmedia":[{"embeddable":true,"href":"https:\/\/www.lesdelicesdeprovence.ch\/it\/wp-json\/wp\/v2\/media\/10366"}],"wp:attachment":[{"href":"https:\/\/www.lesdelicesdeprovence.ch\/it\/wp-json\/wp\/v2\/media?parent=7590"}],"wp:term":[{"taxonomy":"product_cat","embeddable":true,"href":"https:\/\/www.lesdelicesdeprovence.ch\/it\/wp-json\/wp\/v2\/product_cat?post=7590"},{"taxonomy":"product_tag","embeddable":true,"href":"https:\/\/www.lesdelicesdeprovence.ch\/it\/wp-json\/wp\/v2\/product_tag?post=7590"}],"curies":[{"name":"wp","href":"https:\/\/api.w.org\/{rel}","templated":true}]}}