{"id":7745,"date":"2022-09-16T12:09:26","date_gmt":"2022-09-16T12:09:26","guid":{"rendered":"https:\/\/www.aromeprod2.com\/?post_type=product&#038;p=7745"},"modified":"2022-10-11T12:17:51","modified_gmt":"2022-10-11T12:17:51","slug":"cestino-viaggio-in-provenza","status":"publish","type":"product","link":"https:\/\/www.lesdelicesdeprovence.ch\/it\/produits\/cestino-viaggio-in-provenza\/","title":{"rendered":"Cestino &#8220;Viaggio in Provenza&#8221;"},"content":{"rendered":"<p>La terra provenzale \u00e8 ricca e ogni artigiano che abbiamo scelto ha il suo stile, il suo modo di lavorare. Alcuni cercano la finezza, altri l&#8217;autentica rusticit\u00e0.<\/p>\n<p>Alcuni si basano su ricette classiche, mentre altri sono molto creativi. Sebbene tutti puntino alla perfezione culinaria, le consistenze e i sapori variano notevolmente.<\/p>\n<p>\u00c8 proprio questa variet\u00e0 e mix di competenze che abbiamo voluto mettere in evidenza in questo cesto. E chi sar\u00e0 il vostro produttore preferito?<\/p>\n<p><strong>In dettaglio questo assortimento \u00e8 composto da :<\/strong><\/p>\n<ul>\n<li><strong>Suprema di pepe alla mediterranea 190g<\/strong><\/li>\n<li><strong>Crema di carciofi al tartufo 130g<\/strong><\/li>\n<li><strong>Chutney di pomodoro al timo 220g<\/strong><\/li>\n<li><strong>Cipolla rossa confit con fico 90g<\/strong><\/li>\n<li><strong>Insalata di tonno con pepe di Espelette 90g<\/strong><\/li>\n<li><strong>Tapenade verde al basilico 85g<\/strong><\/li>\n<li><strong>Olio d&#8217;oliva biologico Grand Cru &#8220;La Lieutenante&#8221; 0,5l<\/strong><\/li>\n<\/ul>\n","protected":false},"excerpt":{"rendered":"<p>Scoprite la regione provenzale con un cesto gastronomico composto da 7 prodotti selezionati da 7 diversi artigiani in 3 dipartimenti provenzali!<\/p>\n<p>Un vero e proprio viaggio dei sensi per chi ama la variet\u00e0 di stili e sapori.<\/p>\n","protected":false},"featured_media":8558,"template":"","meta":[],"product_cat":[508],"product_tag":[],"class_list":{"0":"post-7745","1":"product","2":"type-product","3":"status-publish","4":"has-post-thumbnail","6":"product_cat-cestini-gastronomici-it","8":"first","9":"instock","10":"sale","11":"taxable","12":"shipping-taxable","13":"purchasable","14":"product-type-simple"},"yoast_head":"<!-- This site is optimized with the Yoast SEO plugin v27.2 - https:\/\/yoast.com\/product\/yoast-seo-wordpress\/ -->\n<title>Cestino &quot;Viaggio in Provenza&quot;<\/title>\n<meta name=\"description\" content=\"Scoprite la regione provenzale con un cesto gastronomico composto da 7 prodotti selezionati da 7 diversi artigiani.\" \/>\n<meta name=\"robots\" content=\"index, follow, max-snippet:-1, max-image-preview:large, max-video-preview:-1\" \/>\n<link rel=\"canonical\" href=\"https:\/\/www.lesdelicesdeprovence.ch\/it\/produits\/cestino-viaggio-in-provenza\/\" \/>\n<meta property=\"og:locale\" content=\"it_IT\" \/>\n<meta property=\"og:type\" content=\"article\" \/>\n<meta property=\"og:title\" content=\"Cestino &quot;Viaggio in Provenza&quot;\" \/>\n<meta property=\"og:description\" content=\"Scoprite la regione provenzale con un cesto gastronomico composto da 7 prodotti selezionati da 7 diversi artigiani.\" \/>\n<meta property=\"og:url\" content=\"https:\/\/www.lesdelicesdeprovence.ch\/it\/produits\/cestino-viaggio-in-provenza\/\" \/>\n<meta property=\"og:site_name\" content=\"Les D\u00e9lices de Provence\" \/>\n<meta property=\"article:modified_time\" content=\"2022-10-11T12:17:51+00:00\" \/>\n<meta property=\"og:image\" content=\"http:\/\/www.lesdelicesdeprovence.ch\/wp-content\/uploads\/2022\/09\/CB6DEB0E-2637-4632-B2E8-52B764B997772-scaled.jpg\" \/>\n\t<meta property=\"og:image:width\" content=\"2560\" \/>\n\t<meta property=\"og:image:height\" content=\"2133\" \/>\n\t<meta property=\"og:image:type\" content=\"image\/jpeg\" \/>\n<meta name=\"twitter:card\" content=\"summary_large_image\" \/>\n<meta name=\"twitter:label1\" content=\"Tempo di lettura stimato\" \/>\n\t<meta name=\"twitter:data1\" content=\"1 minuto\" \/>\n<script type=\"application\/ld+json\" class=\"yoast-schema-graph\">{\"@context\":\"https:\/\/schema.org\",\"@graph\":[{\"@type\":\"WebPage\",\"@id\":\"https:\/\/www.lesdelicesdeprovence.ch\/it\/produits\/cestino-viaggio-in-provenza\/\",\"url\":\"https:\/\/www.lesdelicesdeprovence.ch\/it\/produits\/cestino-viaggio-in-provenza\/\",\"name\":\"Cestino \\\"Viaggio in Provenza\\\"\",\"isPartOf\":{\"@id\":\"https:\/\/www.lesdelicesdeprovence.ch\/it\/#website\"},\"primaryImageOfPage\":{\"@id\":\"https:\/\/www.lesdelicesdeprovence.ch\/it\/produits\/cestino-viaggio-in-provenza\/#primaryimage\"},\"image\":{\"@id\":\"https:\/\/www.lesdelicesdeprovence.ch\/it\/produits\/cestino-viaggio-in-provenza\/#primaryimage\"},\"thumbnailUrl\":\"https:\/\/www.lesdelicesdeprovence.ch\/wp-content\/uploads\/2022\/09\/CB6DEB0E-2637-4632-B2E8-52B764B997772-scaled.jpg\",\"datePublished\":\"2022-09-16T12:09:26+00:00\",\"dateModified\":\"2022-10-11T12:17:51+00:00\",\"description\":\"Scoprite la regione provenzale con un cesto gastronomico composto da 7 prodotti selezionati da 7 diversi artigiani.\",\"breadcrumb\":{\"@id\":\"https:\/\/www.lesdelicesdeprovence.ch\/it\/produits\/cestino-viaggio-in-provenza\/#breadcrumb\"},\"inLanguage\":\"it-IT\",\"potentialAction\":[{\"@type\":\"ReadAction\",\"target\":[\"https:\/\/www.lesdelicesdeprovence.ch\/it\/produits\/cestino-viaggio-in-provenza\/\"]}]},{\"@type\":\"ImageObject\",\"inLanguage\":\"it-IT\",\"@id\":\"https:\/\/www.lesdelicesdeprovence.ch\/it\/produits\/cestino-viaggio-in-provenza\/#primaryimage\",\"url\":\"https:\/\/www.lesdelicesdeprovence.ch\/wp-content\/uploads\/2022\/09\/CB6DEB0E-2637-4632-B2E8-52B764B997772-scaled.jpg\",\"contentUrl\":\"https:\/\/www.lesdelicesdeprovence.ch\/wp-content\/uploads\/2022\/09\/CB6DEB0E-2637-4632-B2E8-52B764B997772-scaled.jpg\",\"width\":2560,\"height\":2133},{\"@type\":\"BreadcrumbList\",\"@id\":\"https:\/\/www.lesdelicesdeprovence.ch\/it\/produits\/cestino-viaggio-in-provenza\/#breadcrumb\",\"itemListElement\":[{\"@type\":\"ListItem\",\"position\":1,\"name\":\"Accoglienza\",\"item\":\"http:\/\/www.lesdelicesdeprovence.ch\/it\/\"},{\"@type\":\"ListItem\",\"position\":2,\"name\":\"Negozio\",\"item\":\"http:\/\/www.lesdelicesdeprovence.ch\/it\/negozio\/\"},{\"@type\":\"ListItem\",\"position\":3,\"name\":\"Cestino &#8220;Viaggio in Provenza&#8221;\"}]},{\"@type\":\"WebSite\",\"@id\":\"https:\/\/www.lesdelicesdeprovence.ch\/it\/#website\",\"url\":\"https:\/\/www.lesdelicesdeprovence.ch\/it\/\",\"name\":\"Les D\u00e9lices de Provence\",\"description\":\"Epicerie fine en ligne\",\"potentialAction\":[{\"@type\":\"SearchAction\",\"target\":{\"@type\":\"EntryPoint\",\"urlTemplate\":\"https:\/\/www.lesdelicesdeprovence.ch\/it\/?s={search_term_string}\"},\"query-input\":{\"@type\":\"PropertyValueSpecification\",\"valueRequired\":true,\"valueName\":\"search_term_string\"}}],\"inLanguage\":\"it-IT\"}]}<\/script>\n<!-- \/ Yoast SEO plugin. -->","yoast_head_json":{"title":"Cestino \"Viaggio in Provenza\"","description":"Scoprite la regione provenzale con un cesto gastronomico composto da 7 prodotti selezionati da 7 diversi artigiani.","robots":{"index":"index","follow":"follow","max-snippet":"max-snippet:-1","max-image-preview":"max-image-preview:large","max-video-preview":"max-video-preview:-1"},"canonical":"https:\/\/www.lesdelicesdeprovence.ch\/it\/produits\/cestino-viaggio-in-provenza\/","og_locale":"it_IT","og_type":"article","og_title":"Cestino \"Viaggio in Provenza\"","og_description":"Scoprite la regione provenzale con un cesto gastronomico composto da 7 prodotti selezionati da 7 diversi artigiani.","og_url":"https:\/\/www.lesdelicesdeprovence.ch\/it\/produits\/cestino-viaggio-in-provenza\/","og_site_name":"Les D\u00e9lices de Provence","article_modified_time":"2022-10-11T12:17:51+00:00","og_image":[{"width":2560,"height":2133,"url":"http:\/\/www.lesdelicesdeprovence.ch\/wp-content\/uploads\/2022\/09\/CB6DEB0E-2637-4632-B2E8-52B764B997772-scaled.jpg","type":"image\/jpeg"}],"twitter_card":"summary_large_image","twitter_misc":{"Tempo di lettura stimato":"1 minuto"},"schema":{"@context":"https:\/\/schema.org","@graph":[{"@type":"WebPage","@id":"https:\/\/www.lesdelicesdeprovence.ch\/it\/produits\/cestino-viaggio-in-provenza\/","url":"https:\/\/www.lesdelicesdeprovence.ch\/it\/produits\/cestino-viaggio-in-provenza\/","name":"Cestino \"Viaggio in Provenza\"","isPartOf":{"@id":"https:\/\/www.lesdelicesdeprovence.ch\/it\/#website"},"primaryImageOfPage":{"@id":"https:\/\/www.lesdelicesdeprovence.ch\/it\/produits\/cestino-viaggio-in-provenza\/#primaryimage"},"image":{"@id":"https:\/\/www.lesdelicesdeprovence.ch\/it\/produits\/cestino-viaggio-in-provenza\/#primaryimage"},"thumbnailUrl":"https:\/\/www.lesdelicesdeprovence.ch\/wp-content\/uploads\/2022\/09\/CB6DEB0E-2637-4632-B2E8-52B764B997772-scaled.jpg","datePublished":"2022-09-16T12:09:26+00:00","dateModified":"2022-10-11T12:17:51+00:00","description":"Scoprite la regione provenzale con un cesto gastronomico composto da 7 prodotti selezionati da 7 diversi artigiani.","breadcrumb":{"@id":"https:\/\/www.lesdelicesdeprovence.ch\/it\/produits\/cestino-viaggio-in-provenza\/#breadcrumb"},"inLanguage":"it-IT","potentialAction":[{"@type":"ReadAction","target":["https:\/\/www.lesdelicesdeprovence.ch\/it\/produits\/cestino-viaggio-in-provenza\/"]}]},{"@type":"ImageObject","inLanguage":"it-IT","@id":"https:\/\/www.lesdelicesdeprovence.ch\/it\/produits\/cestino-viaggio-in-provenza\/#primaryimage","url":"https:\/\/www.lesdelicesdeprovence.ch\/wp-content\/uploads\/2022\/09\/CB6DEB0E-2637-4632-B2E8-52B764B997772-scaled.jpg","contentUrl":"https:\/\/www.lesdelicesdeprovence.ch\/wp-content\/uploads\/2022\/09\/CB6DEB0E-2637-4632-B2E8-52B764B997772-scaled.jpg","width":2560,"height":2133},{"@type":"BreadcrumbList","@id":"https:\/\/www.lesdelicesdeprovence.ch\/it\/produits\/cestino-viaggio-in-provenza\/#breadcrumb","itemListElement":[{"@type":"ListItem","position":1,"name":"Accoglienza","item":"http:\/\/www.lesdelicesdeprovence.ch\/it\/"},{"@type":"ListItem","position":2,"name":"Negozio","item":"http:\/\/www.lesdelicesdeprovence.ch\/it\/negozio\/"},{"@type":"ListItem","position":3,"name":"Cestino &#8220;Viaggio in Provenza&#8221;"}]},{"@type":"WebSite","@id":"https:\/\/www.lesdelicesdeprovence.ch\/it\/#website","url":"https:\/\/www.lesdelicesdeprovence.ch\/it\/","name":"Les D\u00e9lices de Provence","description":"Epicerie fine en ligne","potentialAction":[{"@type":"SearchAction","target":{"@type":"EntryPoint","urlTemplate":"https:\/\/www.lesdelicesdeprovence.ch\/it\/?s={search_term_string}"},"query-input":{"@type":"PropertyValueSpecification","valueRequired":true,"valueName":"search_term_string"}}],"inLanguage":"it-IT"}]}},"_links":{"self":[{"href":"https:\/\/www.lesdelicesdeprovence.ch\/it\/wp-json\/wp\/v2\/product\/7745","targetHints":{"allow":["GET"]}}],"collection":[{"href":"https:\/\/www.lesdelicesdeprovence.ch\/it\/wp-json\/wp\/v2\/product"}],"about":[{"href":"https:\/\/www.lesdelicesdeprovence.ch\/it\/wp-json\/wp\/v2\/types\/product"}],"version-history":[{"count":3,"href":"https:\/\/www.lesdelicesdeprovence.ch\/it\/wp-json\/wp\/v2\/product\/7745\/revisions"}],"predecessor-version":[{"id":8198,"href":"https:\/\/www.lesdelicesdeprovence.ch\/it\/wp-json\/wp\/v2\/product\/7745\/revisions\/8198"}],"wp:featuredmedia":[{"embeddable":true,"href":"https:\/\/www.lesdelicesdeprovence.ch\/it\/wp-json\/wp\/v2\/media\/8558"}],"wp:attachment":[{"href":"https:\/\/www.lesdelicesdeprovence.ch\/it\/wp-json\/wp\/v2\/media?parent=7745"}],"wp:term":[{"taxonomy":"product_cat","embeddable":true,"href":"https:\/\/www.lesdelicesdeprovence.ch\/it\/wp-json\/wp\/v2\/product_cat?post=7745"},{"taxonomy":"product_tag","embeddable":true,"href":"https:\/\/www.lesdelicesdeprovence.ch\/it\/wp-json\/wp\/v2\/product_tag?post=7745"}],"curies":[{"name":"wp","href":"https:\/\/api.w.org\/{rel}","templated":true}]}}