{"id":9298,"date":"2022-05-10T13:26:08","date_gmt":"2022-05-10T13:26:08","guid":{"rendered":"https:\/\/www.lesdelicesdeprovence.ch\/?post_type=product&#038;p=9298"},"modified":"2024-02-16T11:26:46","modified_gmt":"2024-02-16T11:26:46","slug":"affinade-2","status":"publish","type":"product","link":"https:\/\/www.lesdelicesdeprovence.ch\/it\/produits\/affinade-2\/","title":{"rendered":"Affinade de Nyons"},"content":{"rendered":"<p>Ai piedi del Mont Ventoux, tra Nyons e Carpentras, si trova una terra eccezionale dove, nutrito dal sole e dall&#8217;aria pura delle montagne vicine, l&#8217;olivo mostra tutta la sua maestosit\u00e0.<\/p>\n<p>\u00c8 in questa splendida valle delle Baronnies provenzali che abbiamo scoperto questo uliveto, che da diverse generazioni produce artigianalmente autentici prodotti provenzali con i frutti dei loro ulivi, raccolti, spremuti e preparati nella propriet\u00e0.<\/p>\n<p>L&#8217;affinade \u00e8 il grande classico della loro gamma. Una pura brouillade di olive di Nyons, della variet\u00e0 Tanche, con solo un goccio di olio d&#8217;oliva e un tocco di sale.<\/p>\n<p>Una ricetta molto semplice, ma preparata con olive di prima qualit\u00e0 e questo fa la differenza! La tanche di Nyons \u00e8 nota per essere la pi\u00f9 saporita del sud della Francia, poich\u00e9 l&#8217;olivo beneficia di un microclima unico portato dal vento caldo del sud.<\/p>\n<p>Una crema dal sapore autentico da gustare come aperitivo o per arricchire piatti, panini e insalate.<\/p>\n<p>Ingredienti : Olive nere di Nyons A.O.P (variet\u00e0 tanche) 99%, olio d&#8217;oliva di Nyons A.O.P, acqua, sale.<\/p>\n<p>Contenuto: 90g<\/p>\n","protected":false},"excerpt":{"rendered":"<p>Un autentico sapore di terra, questa pura brouillade di olive Nyons A.O.P., della variet\u00e0 tanche, nota per essere una delle pi\u00f9 saporite del bacino mediterraneo.<\/p>\n","protected":false},"featured_media":9305,"template":"","meta":[],"product_cat":[248],"product_tag":[],"class_list":{"0":"post-9298","1":"product","2":"type-product","3":"status-publish","4":"has-post-thumbnail","6":"product_cat-salse-da-aperitivo","8":"first","9":"instock","10":"taxable","11":"shipping-taxable","12":"purchasable","13":"product-type-simple"},"yoast_head":"<!-- This site is optimized with the Yoast SEO plugin v27.2 - https:\/\/yoast.com\/product\/yoast-seo-wordpress\/ -->\n<title>Affinade de Nyons<\/title>\n<meta name=\"description\" content=\"Questa pura brouillade di olive Nyons A.O.P., della variet\u00e0 tanche, nota per essere una delle pi\u00f9 saporite del bacino mediterraneo.\" \/>\n<meta name=\"robots\" content=\"index, follow, max-snippet:-1, max-image-preview:large, max-video-preview:-1\" \/>\n<link rel=\"canonical\" href=\"https:\/\/www.lesdelicesdeprovence.ch\/it\/produits\/affinade-2\/\" \/>\n<meta property=\"og:locale\" content=\"it_IT\" \/>\n<meta property=\"og:type\" content=\"article\" \/>\n<meta property=\"og:title\" content=\"Affinade de Nyons\" \/>\n<meta property=\"og:description\" content=\"Questa pura brouillade di olive Nyons A.O.P., della variet\u00e0 tanche, nota per essere una delle pi\u00f9 saporite del bacino mediterraneo.\" \/>\n<meta property=\"og:url\" content=\"https:\/\/www.lesdelicesdeprovence.ch\/it\/produits\/affinade-2\/\" \/>\n<meta property=\"og:site_name\" content=\"Les D\u00e9lices de Provence\" \/>\n<meta property=\"article:modified_time\" content=\"2024-02-16T11:26:46+00:00\" \/>\n<meta property=\"og:image\" content=\"http:\/\/www.lesdelicesdeprovence.ch\/wp-content\/uploads\/2023\/03\/IMG_4290-scaled.jpg\" \/>\n\t<meta property=\"og:image:width\" content=\"2342\" \/>\n\t<meta property=\"og:image:height\" content=\"2560\" \/>\n\t<meta property=\"og:image:type\" content=\"image\/jpeg\" \/>\n<meta name=\"twitter:card\" content=\"summary_large_image\" \/>\n<meta name=\"twitter:label1\" content=\"Tempo di lettura stimato\" \/>\n\t<meta name=\"twitter:data1\" content=\"1 minuto\" \/>\n<script type=\"application\/ld+json\" class=\"yoast-schema-graph\">{\"@context\":\"https:\/\/schema.org\",\"@graph\":[{\"@type\":\"WebPage\",\"@id\":\"https:\/\/www.lesdelicesdeprovence.ch\/it\/produits\/affinade-2\/\",\"url\":\"https:\/\/www.lesdelicesdeprovence.ch\/it\/produits\/affinade-2\/\",\"name\":\"Affinade de Nyons\",\"isPartOf\":{\"@id\":\"https:\/\/www.lesdelicesdeprovence.ch\/it\/#website\"},\"primaryImageOfPage\":{\"@id\":\"https:\/\/www.lesdelicesdeprovence.ch\/it\/produits\/affinade-2\/#primaryimage\"},\"image\":{\"@id\":\"https:\/\/www.lesdelicesdeprovence.ch\/it\/produits\/affinade-2\/#primaryimage\"},\"thumbnailUrl\":\"https:\/\/www.lesdelicesdeprovence.ch\/wp-content\/uploads\/2023\/03\/IMG_4290-scaled.jpg\",\"datePublished\":\"2022-05-10T13:26:08+00:00\",\"dateModified\":\"2024-02-16T11:26:46+00:00\",\"description\":\"Questa pura brouillade di olive Nyons A.O.P., della variet\u00e0 tanche, nota per essere una delle pi\u00f9 saporite del bacino mediterraneo.\",\"breadcrumb\":{\"@id\":\"https:\/\/www.lesdelicesdeprovence.ch\/it\/produits\/affinade-2\/#breadcrumb\"},\"inLanguage\":\"it-IT\",\"potentialAction\":[{\"@type\":\"ReadAction\",\"target\":[\"https:\/\/www.lesdelicesdeprovence.ch\/it\/produits\/affinade-2\/\"]}]},{\"@type\":\"ImageObject\",\"inLanguage\":\"it-IT\",\"@id\":\"https:\/\/www.lesdelicesdeprovence.ch\/it\/produits\/affinade-2\/#primaryimage\",\"url\":\"https:\/\/www.lesdelicesdeprovence.ch\/wp-content\/uploads\/2023\/03\/IMG_4290-scaled.jpg\",\"contentUrl\":\"https:\/\/www.lesdelicesdeprovence.ch\/wp-content\/uploads\/2023\/03\/IMG_4290-scaled.jpg\",\"width\":2342,\"height\":2560},{\"@type\":\"BreadcrumbList\",\"@id\":\"https:\/\/www.lesdelicesdeprovence.ch\/it\/produits\/affinade-2\/#breadcrumb\",\"itemListElement\":[{\"@type\":\"ListItem\",\"position\":1,\"name\":\"Accoglienza\",\"item\":\"http:\/\/www.lesdelicesdeprovence.ch\/it\/\"},{\"@type\":\"ListItem\",\"position\":2,\"name\":\"Negozio\",\"item\":\"http:\/\/www.lesdelicesdeprovence.ch\/it\/negozio\/\"},{\"@type\":\"ListItem\",\"position\":3,\"name\":\"Affinade de Nyons\"}]},{\"@type\":\"WebSite\",\"@id\":\"https:\/\/www.lesdelicesdeprovence.ch\/it\/#website\",\"url\":\"https:\/\/www.lesdelicesdeprovence.ch\/it\/\",\"name\":\"Les D\u00e9lices de Provence\",\"description\":\"Epicerie fine en ligne\",\"potentialAction\":[{\"@type\":\"SearchAction\",\"target\":{\"@type\":\"EntryPoint\",\"urlTemplate\":\"https:\/\/www.lesdelicesdeprovence.ch\/it\/?s={search_term_string}\"},\"query-input\":{\"@type\":\"PropertyValueSpecification\",\"valueRequired\":true,\"valueName\":\"search_term_string\"}}],\"inLanguage\":\"it-IT\"}]}<\/script>\n<!-- \/ Yoast SEO plugin. -->","yoast_head_json":{"title":"Affinade de Nyons","description":"Questa pura brouillade di olive Nyons A.O.P., della variet\u00e0 tanche, nota per essere una delle pi\u00f9 saporite del bacino mediterraneo.","robots":{"index":"index","follow":"follow","max-snippet":"max-snippet:-1","max-image-preview":"max-image-preview:large","max-video-preview":"max-video-preview:-1"},"canonical":"https:\/\/www.lesdelicesdeprovence.ch\/it\/produits\/affinade-2\/","og_locale":"it_IT","og_type":"article","og_title":"Affinade de Nyons","og_description":"Questa pura brouillade di olive Nyons A.O.P., della variet\u00e0 tanche, nota per essere una delle pi\u00f9 saporite del bacino mediterraneo.","og_url":"https:\/\/www.lesdelicesdeprovence.ch\/it\/produits\/affinade-2\/","og_site_name":"Les D\u00e9lices de Provence","article_modified_time":"2024-02-16T11:26:46+00:00","og_image":[{"width":2342,"height":2560,"url":"http:\/\/www.lesdelicesdeprovence.ch\/wp-content\/uploads\/2023\/03\/IMG_4290-scaled.jpg","type":"image\/jpeg"}],"twitter_card":"summary_large_image","twitter_misc":{"Tempo di lettura stimato":"1 minuto"},"schema":{"@context":"https:\/\/schema.org","@graph":[{"@type":"WebPage","@id":"https:\/\/www.lesdelicesdeprovence.ch\/it\/produits\/affinade-2\/","url":"https:\/\/www.lesdelicesdeprovence.ch\/it\/produits\/affinade-2\/","name":"Affinade de Nyons","isPartOf":{"@id":"https:\/\/www.lesdelicesdeprovence.ch\/it\/#website"},"primaryImageOfPage":{"@id":"https:\/\/www.lesdelicesdeprovence.ch\/it\/produits\/affinade-2\/#primaryimage"},"image":{"@id":"https:\/\/www.lesdelicesdeprovence.ch\/it\/produits\/affinade-2\/#primaryimage"},"thumbnailUrl":"https:\/\/www.lesdelicesdeprovence.ch\/wp-content\/uploads\/2023\/03\/IMG_4290-scaled.jpg","datePublished":"2022-05-10T13:26:08+00:00","dateModified":"2024-02-16T11:26:46+00:00","description":"Questa pura brouillade di olive Nyons A.O.P., della variet\u00e0 tanche, nota per essere una delle pi\u00f9 saporite del bacino mediterraneo.","breadcrumb":{"@id":"https:\/\/www.lesdelicesdeprovence.ch\/it\/produits\/affinade-2\/#breadcrumb"},"inLanguage":"it-IT","potentialAction":[{"@type":"ReadAction","target":["https:\/\/www.lesdelicesdeprovence.ch\/it\/produits\/affinade-2\/"]}]},{"@type":"ImageObject","inLanguage":"it-IT","@id":"https:\/\/www.lesdelicesdeprovence.ch\/it\/produits\/affinade-2\/#primaryimage","url":"https:\/\/www.lesdelicesdeprovence.ch\/wp-content\/uploads\/2023\/03\/IMG_4290-scaled.jpg","contentUrl":"https:\/\/www.lesdelicesdeprovence.ch\/wp-content\/uploads\/2023\/03\/IMG_4290-scaled.jpg","width":2342,"height":2560},{"@type":"BreadcrumbList","@id":"https:\/\/www.lesdelicesdeprovence.ch\/it\/produits\/affinade-2\/#breadcrumb","itemListElement":[{"@type":"ListItem","position":1,"name":"Accoglienza","item":"http:\/\/www.lesdelicesdeprovence.ch\/it\/"},{"@type":"ListItem","position":2,"name":"Negozio","item":"http:\/\/www.lesdelicesdeprovence.ch\/it\/negozio\/"},{"@type":"ListItem","position":3,"name":"Affinade de Nyons"}]},{"@type":"WebSite","@id":"https:\/\/www.lesdelicesdeprovence.ch\/it\/#website","url":"https:\/\/www.lesdelicesdeprovence.ch\/it\/","name":"Les D\u00e9lices de Provence","description":"Epicerie fine en ligne","potentialAction":[{"@type":"SearchAction","target":{"@type":"EntryPoint","urlTemplate":"https:\/\/www.lesdelicesdeprovence.ch\/it\/?s={search_term_string}"},"query-input":{"@type":"PropertyValueSpecification","valueRequired":true,"valueName":"search_term_string"}}],"inLanguage":"it-IT"}]}},"_links":{"self":[{"href":"https:\/\/www.lesdelicesdeprovence.ch\/it\/wp-json\/wp\/v2\/product\/9298","targetHints":{"allow":["GET"]}}],"collection":[{"href":"https:\/\/www.lesdelicesdeprovence.ch\/it\/wp-json\/wp\/v2\/product"}],"about":[{"href":"https:\/\/www.lesdelicesdeprovence.ch\/it\/wp-json\/wp\/v2\/types\/product"}],"version-history":[{"count":1,"href":"https:\/\/www.lesdelicesdeprovence.ch\/it\/wp-json\/wp\/v2\/product\/9298\/revisions"}],"predecessor-version":[{"id":9299,"href":"https:\/\/www.lesdelicesdeprovence.ch\/it\/wp-json\/wp\/v2\/product\/9298\/revisions\/9299"}],"wp:featuredmedia":[{"embeddable":true,"href":"https:\/\/www.lesdelicesdeprovence.ch\/it\/wp-json\/wp\/v2\/media\/9305"}],"wp:attachment":[{"href":"https:\/\/www.lesdelicesdeprovence.ch\/it\/wp-json\/wp\/v2\/media?parent=9298"}],"wp:term":[{"taxonomy":"product_cat","embeddable":true,"href":"https:\/\/www.lesdelicesdeprovence.ch\/it\/wp-json\/wp\/v2\/product_cat?post=9298"},{"taxonomy":"product_tag","embeddable":true,"href":"https:\/\/www.lesdelicesdeprovence.ch\/it\/wp-json\/wp\/v2\/product_tag?post=9298"}],"curies":[{"name":"wp","href":"https:\/\/api.w.org\/{rel}","templated":true}]}}