{"id":9369,"date":"2023-03-22T16:58:00","date_gmt":"2023-03-22T16:58:00","guid":{"rendered":"https:\/\/www.lesdelicesdeprovence.ch\/?post_type=product&#038;p=9369"},"modified":"2023-03-22T19:27:06","modified_gmt":"2023-03-22T19:27:06","slug":"anchoiade-des-baronnies-2","status":"publish","type":"product","link":"https:\/\/www.lesdelicesdeprovence.ch\/it\/produits\/anchoiade-des-baronnies-2\/","title":{"rendered":"Ancho\u00efade des Baronnies"},"content":{"rendered":"<p>\u00c8 difficile battere la qualit\u00e0 degli ingredienti e l&#8217;equilibrio della ricetta!<\/p>\n<p>Questa pasta di acciughe, come tutti i grandi classici dell&#8217;artigianato culinario provenzale, \u00e8 stata da noi selezionata tra tutte quelle assaggiate presso altri produttori.<\/p>\n<p>Ne abbiamo apprezzato la forza, la consistenza morbida e untuosa, il sapore tipicamente mediterraneo che ci trasporta immediatamente a sud.<\/p>\n<p>Allo stesso tempo, non \u00e8 un caso, l&#8217;artigiano che confeziona questa meraviglia utilizza la famosa Tanche de Nyons A.O.P, probabilmente l&#8217;oliva pi\u00f9 saporita di Francia.<\/p>\n<p>Da gustare come aperitivo su piccoli crostini alla griglia, ma non esitate a usarlo in cucina, soprattutto per esaltare i vostri piatti!<\/p>\n<p><strong>Ingredienti : Crema di acciughe 60% (acciughe salate, olio d&#8217;oliva), oliva nera di Nyons A.O.P 34%, aceto, capperi, aglio, spezie, erbe provenzali.<\/strong><\/p>\n<p><strong>Contenuto : 90g<\/strong><\/p>\n<p>&nbsp;<\/p>\n","protected":false},"excerpt":{"rendered":"<p>Un grande classico della regione provenzale a base di acciughe mediterranee e della famosa oliva Nyons A.O.P., raccolta presso il produttore.<\/p>\n","protected":false},"featured_media":11038,"template":"","meta":[],"product_cat":[248],"product_tag":[],"class_list":{"0":"post-9369","1":"product","2":"type-product","3":"status-publish","4":"has-post-thumbnail","6":"product_cat-salse-da-aperitivo","8":"first","9":"instock","10":"taxable","11":"shipping-taxable","12":"purchasable","13":"product-type-simple"},"yoast_head":"<!-- This site is optimized with the Yoast SEO plugin v27.2 - https:\/\/yoast.com\/product\/yoast-seo-wordpress\/ -->\n<title>Ancho\u00efade des Baronnies<\/title>\n<meta name=\"description\" content=\"Un grande classico della regione provenzale a base di acciughe mediterranee e della famosa oliva Nyons A.O.P., raccolta presso il produttore.\" \/>\n<meta name=\"robots\" content=\"index, follow, max-snippet:-1, max-image-preview:large, max-video-preview:-1\" \/>\n<link rel=\"canonical\" href=\"https:\/\/www.lesdelicesdeprovence.ch\/it\/produits\/anchoiade-des-baronnies-2\/\" \/>\n<meta property=\"og:locale\" content=\"it_IT\" \/>\n<meta property=\"og:type\" content=\"article\" \/>\n<meta property=\"og:title\" content=\"Ancho\u00efade des Baronnies\" \/>\n<meta property=\"og:description\" content=\"Un grande classico della regione provenzale a base di acciughe mediterranee e della famosa oliva Nyons A.O.P., raccolta presso il produttore.\" \/>\n<meta property=\"og:url\" content=\"https:\/\/www.lesdelicesdeprovence.ch\/it\/produits\/anchoiade-des-baronnies-2\/\" \/>\n<meta property=\"og:site_name\" content=\"Les D\u00e9lices de Provence\" \/>\n<meta property=\"article:modified_time\" content=\"2023-03-22T19:27:06+00:00\" \/>\n<meta property=\"og:image\" content=\"http:\/\/www.lesdelicesdeprovence.ch\/wp-content\/uploads\/2023\/03\/IMG_4408-scaled.jpg\" \/>\n\t<meta property=\"og:image:width\" content=\"2272\" \/>\n\t<meta property=\"og:image:height\" content=\"2560\" \/>\n\t<meta property=\"og:image:type\" content=\"image\/jpeg\" \/>\n<meta name=\"twitter:card\" content=\"summary_large_image\" \/>\n<meta name=\"twitter:label1\" content=\"Tempo di lettura stimato\" \/>\n\t<meta name=\"twitter:data1\" content=\"1 minuto\" \/>\n<script type=\"application\/ld+json\" class=\"yoast-schema-graph\">{\"@context\":\"https:\/\/schema.org\",\"@graph\":[{\"@type\":\"WebPage\",\"@id\":\"https:\/\/www.lesdelicesdeprovence.ch\/it\/produits\/anchoiade-des-baronnies-2\/\",\"url\":\"https:\/\/www.lesdelicesdeprovence.ch\/it\/produits\/anchoiade-des-baronnies-2\/\",\"name\":\"Ancho\u00efade des Baronnies\",\"isPartOf\":{\"@id\":\"https:\/\/www.lesdelicesdeprovence.ch\/it\/#website\"},\"primaryImageOfPage\":{\"@id\":\"https:\/\/www.lesdelicesdeprovence.ch\/it\/produits\/anchoiade-des-baronnies-2\/#primaryimage\"},\"image\":{\"@id\":\"https:\/\/www.lesdelicesdeprovence.ch\/it\/produits\/anchoiade-des-baronnies-2\/#primaryimage\"},\"thumbnailUrl\":\"https:\/\/www.lesdelicesdeprovence.ch\/wp-content\/uploads\/2023\/03\/IMG_4408-scaled.jpg\",\"datePublished\":\"2023-03-22T16:58:00+00:00\",\"dateModified\":\"2023-03-22T19:27:06+00:00\",\"description\":\"Un grande classico della regione provenzale a base di acciughe mediterranee e della famosa oliva Nyons A.O.P., raccolta presso il produttore.\",\"breadcrumb\":{\"@id\":\"https:\/\/www.lesdelicesdeprovence.ch\/it\/produits\/anchoiade-des-baronnies-2\/#breadcrumb\"},\"inLanguage\":\"it-IT\",\"potentialAction\":[{\"@type\":\"ReadAction\",\"target\":[\"https:\/\/www.lesdelicesdeprovence.ch\/it\/produits\/anchoiade-des-baronnies-2\/\"]}]},{\"@type\":\"ImageObject\",\"inLanguage\":\"it-IT\",\"@id\":\"https:\/\/www.lesdelicesdeprovence.ch\/it\/produits\/anchoiade-des-baronnies-2\/#primaryimage\",\"url\":\"https:\/\/www.lesdelicesdeprovence.ch\/wp-content\/uploads\/2023\/03\/IMG_4408-scaled.jpg\",\"contentUrl\":\"https:\/\/www.lesdelicesdeprovence.ch\/wp-content\/uploads\/2023\/03\/IMG_4408-scaled.jpg\",\"width\":2272,\"height\":2560},{\"@type\":\"BreadcrumbList\",\"@id\":\"https:\/\/www.lesdelicesdeprovence.ch\/it\/produits\/anchoiade-des-baronnies-2\/#breadcrumb\",\"itemListElement\":[{\"@type\":\"ListItem\",\"position\":1,\"name\":\"Accoglienza\",\"item\":\"https:\/\/www.lesdelicesdeprovence.ch\/it\/\"},{\"@type\":\"ListItem\",\"position\":2,\"name\":\"Negozio\",\"item\":\"https:\/\/www.lesdelicesdeprovence.ch\/it\/negozio\/\"},{\"@type\":\"ListItem\",\"position\":3,\"name\":\"Ancho\u00efade des Baronnies\"}]},{\"@type\":\"WebSite\",\"@id\":\"https:\/\/www.lesdelicesdeprovence.ch\/it\/#website\",\"url\":\"https:\/\/www.lesdelicesdeprovence.ch\/it\/\",\"name\":\"Les D\u00e9lices de Provence\",\"description\":\"Epicerie fine en ligne\",\"potentialAction\":[{\"@type\":\"SearchAction\",\"target\":{\"@type\":\"EntryPoint\",\"urlTemplate\":\"https:\/\/www.lesdelicesdeprovence.ch\/it\/?s={search_term_string}\"},\"query-input\":{\"@type\":\"PropertyValueSpecification\",\"valueRequired\":true,\"valueName\":\"search_term_string\"}}],\"inLanguage\":\"it-IT\"}]}<\/script>\n<!-- \/ Yoast SEO plugin. -->","yoast_head_json":{"title":"Ancho\u00efade des Baronnies","description":"Un grande classico della regione provenzale a base di acciughe mediterranee e della famosa oliva Nyons A.O.P., raccolta presso il produttore.","robots":{"index":"index","follow":"follow","max-snippet":"max-snippet:-1","max-image-preview":"max-image-preview:large","max-video-preview":"max-video-preview:-1"},"canonical":"https:\/\/www.lesdelicesdeprovence.ch\/it\/produits\/anchoiade-des-baronnies-2\/","og_locale":"it_IT","og_type":"article","og_title":"Ancho\u00efade des Baronnies","og_description":"Un grande classico della regione provenzale a base di acciughe mediterranee e della famosa oliva Nyons A.O.P., raccolta presso il produttore.","og_url":"https:\/\/www.lesdelicesdeprovence.ch\/it\/produits\/anchoiade-des-baronnies-2\/","og_site_name":"Les D\u00e9lices de Provence","article_modified_time":"2023-03-22T19:27:06+00:00","og_image":[{"width":2272,"height":2560,"url":"http:\/\/www.lesdelicesdeprovence.ch\/wp-content\/uploads\/2023\/03\/IMG_4408-scaled.jpg","type":"image\/jpeg"}],"twitter_card":"summary_large_image","twitter_misc":{"Tempo di lettura stimato":"1 minuto"},"schema":{"@context":"https:\/\/schema.org","@graph":[{"@type":"WebPage","@id":"https:\/\/www.lesdelicesdeprovence.ch\/it\/produits\/anchoiade-des-baronnies-2\/","url":"https:\/\/www.lesdelicesdeprovence.ch\/it\/produits\/anchoiade-des-baronnies-2\/","name":"Ancho\u00efade des Baronnies","isPartOf":{"@id":"https:\/\/www.lesdelicesdeprovence.ch\/it\/#website"},"primaryImageOfPage":{"@id":"https:\/\/www.lesdelicesdeprovence.ch\/it\/produits\/anchoiade-des-baronnies-2\/#primaryimage"},"image":{"@id":"https:\/\/www.lesdelicesdeprovence.ch\/it\/produits\/anchoiade-des-baronnies-2\/#primaryimage"},"thumbnailUrl":"https:\/\/www.lesdelicesdeprovence.ch\/wp-content\/uploads\/2023\/03\/IMG_4408-scaled.jpg","datePublished":"2023-03-22T16:58:00+00:00","dateModified":"2023-03-22T19:27:06+00:00","description":"Un grande classico della regione provenzale a base di acciughe mediterranee e della famosa oliva Nyons A.O.P., raccolta presso il produttore.","breadcrumb":{"@id":"https:\/\/www.lesdelicesdeprovence.ch\/it\/produits\/anchoiade-des-baronnies-2\/#breadcrumb"},"inLanguage":"it-IT","potentialAction":[{"@type":"ReadAction","target":["https:\/\/www.lesdelicesdeprovence.ch\/it\/produits\/anchoiade-des-baronnies-2\/"]}]},{"@type":"ImageObject","inLanguage":"it-IT","@id":"https:\/\/www.lesdelicesdeprovence.ch\/it\/produits\/anchoiade-des-baronnies-2\/#primaryimage","url":"https:\/\/www.lesdelicesdeprovence.ch\/wp-content\/uploads\/2023\/03\/IMG_4408-scaled.jpg","contentUrl":"https:\/\/www.lesdelicesdeprovence.ch\/wp-content\/uploads\/2023\/03\/IMG_4408-scaled.jpg","width":2272,"height":2560},{"@type":"BreadcrumbList","@id":"https:\/\/www.lesdelicesdeprovence.ch\/it\/produits\/anchoiade-des-baronnies-2\/#breadcrumb","itemListElement":[{"@type":"ListItem","position":1,"name":"Accoglienza","item":"https:\/\/www.lesdelicesdeprovence.ch\/it\/"},{"@type":"ListItem","position":2,"name":"Negozio","item":"https:\/\/www.lesdelicesdeprovence.ch\/it\/negozio\/"},{"@type":"ListItem","position":3,"name":"Ancho\u00efade des Baronnies"}]},{"@type":"WebSite","@id":"https:\/\/www.lesdelicesdeprovence.ch\/it\/#website","url":"https:\/\/www.lesdelicesdeprovence.ch\/it\/","name":"Les D\u00e9lices de Provence","description":"Epicerie fine en ligne","potentialAction":[{"@type":"SearchAction","target":{"@type":"EntryPoint","urlTemplate":"https:\/\/www.lesdelicesdeprovence.ch\/it\/?s={search_term_string}"},"query-input":{"@type":"PropertyValueSpecification","valueRequired":true,"valueName":"search_term_string"}}],"inLanguage":"it-IT"}]}},"_links":{"self":[{"href":"https:\/\/www.lesdelicesdeprovence.ch\/it\/wp-json\/wp\/v2\/product\/9369","targetHints":{"allow":["GET"]}}],"collection":[{"href":"https:\/\/www.lesdelicesdeprovence.ch\/it\/wp-json\/wp\/v2\/product"}],"about":[{"href":"https:\/\/www.lesdelicesdeprovence.ch\/it\/wp-json\/wp\/v2\/types\/product"}],"version-history":[{"count":1,"href":"https:\/\/www.lesdelicesdeprovence.ch\/it\/wp-json\/wp\/v2\/product\/9369\/revisions"}],"predecessor-version":[{"id":9370,"href":"https:\/\/www.lesdelicesdeprovence.ch\/it\/wp-json\/wp\/v2\/product\/9369\/revisions\/9370"}],"wp:featuredmedia":[{"embeddable":true,"href":"https:\/\/www.lesdelicesdeprovence.ch\/it\/wp-json\/wp\/v2\/media\/11038"}],"wp:attachment":[{"href":"https:\/\/www.lesdelicesdeprovence.ch\/it\/wp-json\/wp\/v2\/media?parent=9369"}],"wp:term":[{"taxonomy":"product_cat","embeddable":true,"href":"https:\/\/www.lesdelicesdeprovence.ch\/it\/wp-json\/wp\/v2\/product_cat?post=9369"},{"taxonomy":"product_tag","embeddable":true,"href":"https:\/\/www.lesdelicesdeprovence.ch\/it\/wp-json\/wp\/v2\/product_tag?post=9369"}],"curies":[{"name":"wp","href":"https:\/\/api.w.org\/{rel}","templated":true}]}}